{"id":16,"date":"2018-02-08T16:59:41","date_gmt":"2018-02-08T16:59:41","guid":{"rendered":"http:\/\/wese-consulting.de\/?page_id=16"},"modified":"2021-01-18T16:21:08","modified_gmt":"2021-01-18T16:21:08","slug":"seminare-termine","status":"publish","type":"page","link":"https:\/\/wese-consulting.de\/?page_id=16","title":{"rendered":"Seminare &#038; Termine"},"content":{"rendered":"<p>&nbsp;<\/p>\n<p><span style=\"font-size: 24px; color: #646464;\"><strong>Das Schulungsziel:<\/strong><\/span><\/p>\n<p style=\"text-align: justify;\"><span style=\"color: #646464;\">Ein perfekt\u00a0fundiertes\u00a0Qualit\u00e4tsmanagement ist wirklich ein wesentlicher Faktor f\u00fcr Unternehmen, die nachhaltig am Markt teilnehmen\u00a0wollen. International etablierte Richtlinien, beispielsweise\u00a0ISO-Normen, bilden hierbei eine Grundlage, die auch am\u00a0Markt gegen\u00fcber Kunden und Lieferanten ein deutliches Signal \u00fcber den Stellenwert der Qualit\u00e4t im Unternehmen dokumentieren. In unseren\u00a0Seminaren vermitteln wir\u00a0wertvolle\u00a0Einblick in die Bedeutung und Inhalte des Qualit\u00e4tsmanagements. Sie erfahren, welche Ma\u00dfnahmen und Instrumente es gibt und wie Sie diese erfolgreich einsetzen. Nat\u00fcrlich haben dar\u00fcber hinaus auch\u00a0Planung,\u00a0Durchf\u00fchrung und das dokumentieren einen hohen Stellenwert.<\/span><\/p>\n<p><img loading=\"lazy\" decoding=\"async\" class=\"alignnone wp-image-251\" src=\"http:\/\/wese-consulting.de\/wp-content\/uploads\/2018\/02\/Redner-Sprecher-300x212.jpg\" alt=\"\" width=\"461\" height=\"326\" srcset=\"https:\/\/wese-consulting.de\/wp-content\/uploads\/2018\/02\/Redner-Sprecher-300x212.jpg 300w, https:\/\/wese-consulting.de\/wp-content\/uploads\/2018\/02\/Redner-Sprecher-768x543.jpg 768w, https:\/\/wese-consulting.de\/wp-content\/uploads\/2018\/02\/Redner-Sprecher-1024x724.jpg 1024w, https:\/\/wese-consulting.de\/wp-content\/uploads\/2018\/02\/Redner-Sprecher.jpg 1920w\" sizes=\"auto, (max-width: 461px) 100vw, 461px\" \/><\/p>\n<p>&nbsp;<\/p>\n<table style=\"height: 43px; width: 459.25px;\">\n<tbody>\n<tr style=\"height: 28px;\">\n<td style=\"width: 447px; height: 28px;\"><a href=\"http:\/\/wese-consulting.de\/wp-content\/uploads\/2018\/02\/Seminar-Die-neue-ISO-9001-14001.pdf\"><strong><span style=\"font-size: 20px;\"><span style=\"color: #3366ff;\"><em>Seminar &#8211; Die neue ISO 9001-14001<\/em><\/span><\/span><\/strong><\/a><\/td>\n<td style=\"width: 62.25px; height: 28px;\"><a href=\"http:\/\/wese-consulting.de\/wp-content\/uploads\/2018\/02\/Seminar-Die-neue-ISO-9001-14001.pdf\"><img loading=\"lazy\" decoding=\"async\" class=\"wp-image-260 alignleft\" src=\"http:\/\/wese-consulting.de\/wp-content\/uploads\/2018\/02\/PDF-Symbol.jpg\" alt=\"\" width=\"50\" height=\"49\" srcset=\"https:\/\/wese-consulting.de\/wp-content\/uploads\/2018\/02\/PDF-Symbol.jpg 227w, https:\/\/wese-consulting.de\/wp-content\/uploads\/2018\/02\/PDF-Symbol-150x150.jpg 150w, https:\/\/wese-consulting.de\/wp-content\/uploads\/2018\/02\/PDF-Symbol-174x174.jpg 174w\" sizes=\"auto, (max-width: 50px) 100vw, 50px\" \/><\/a><\/td>\n<\/tr>\n<\/tbody>\n<\/table>\n<p>&nbsp;<\/p>\n<p><span style=\"font-size: 24px; color: #646464;\"><strong>\u00dcbersicht <\/strong><strong>\u00fcber die Seminar-Angebote (<\/strong><strong>vorzugsweise als Inhouse-Seminare):<\/strong><\/span><\/p>\n<table style=\"width: 1141.18px;\">\n<tbody>\n<tr style=\"height: 56px;\">\n<td style=\"width: 178px; height: 56px;\"><span style=\"color: #646464;\"><strong>Seminar-Nr.<\/strong><\/span><\/td>\n<td style=\"width: 617px; height: 56px;\"><span style=\"color: #646464;\"><strong>Seminar-Titel<\/strong><\/span><\/td>\n<td style=\"width: 321.183px; height: 56px;\"><span style=\"color: #646464;\"><strong>Dauer<\/strong><\/span><\/td>\n<\/tr>\n<tr style=\"height: 4px;\">\n<td style=\"width: 178px; height: 4px;\"><span style=\"color: #646464;\">01<\/span><\/td>\n<td style=\"width: 617px; height: 4px;\"><span style=\"color: #646464;\">8 D\/4D-Methodik<\/span><\/td>\n<td style=\"width: 321.183px; height: 4px;\"><span style=\"color: #646464;\">2 h<\/span><\/td>\n<\/tr>\n<tr style=\"height: 9px;\">\n<td style=\"width: 178px; height: 9px;\"><span style=\"color: #646464;\">02<\/span><\/td>\n<td style=\"width: 617px; height: 9px;\"><span style=\"color: #646464;\">Six Sigma<\/span><\/td>\n<td style=\"width: 321.183px; height: 9px;\"><span style=\"color: #646464;\">2,5 h<\/span><\/td>\n<\/tr>\n<tr style=\"height: 3px;\">\n<td style=\"width: 178px; height: 3px;\"><span style=\"color: #646464;\">03<\/span><\/td>\n<td style=\"width: 617px; height: 3px;\"><span style=\"color: #646464;\">Ishikawa<\/span><\/td>\n<td style=\"width: 321.183px; height: 3px;\"><span style=\"color: #646464;\">2 h<\/span><\/td>\n<\/tr>\n<tr style=\"height: 12px;\">\n<td style=\"width: 178px; height: 12px;\"><span style=\"color: #646464;\">04<\/span><\/td>\n<td style=\"width: 617px; height: 12px;\"><span style=\"color: #646464;\">FMEA-Produkt (Konstruktion)<\/span><\/td>\n<td style=\"width: 321.183px; height: 12px;\"><span style=\"color: #646464;\">4 h<\/span><\/td>\n<\/tr>\n<tr style=\"height: 15px;\">\n<td style=\"width: 178px; height: 15px;\"><span style=\"color: #646464;\">05<\/span><\/td>\n<td style=\"width: 617px; height: 15px;\"><span style=\"color: #646464;\">FMEA-Prozess (Produktion)<\/span><\/td>\n<td style=\"width: 321.183px; height: 15px;\"><span style=\"color: #646464;\">4 h<\/span><\/td>\n<\/tr>\n<tr style=\"height: 14px;\">\n<td style=\"width: 178px; height: 14px;\"><span style=\"color: #646464;\">06<\/span><\/td>\n<td style=\"width: 617px; height: 14px;\"><span style=\"color: #646464;\">CE-Kennzeichnung<\/span><\/td>\n<td style=\"width: 321.183px; height: 14px;\"><span style=\"color: #646464;\">5 h<\/span><\/td>\n<\/tr>\n<tr style=\"height: 9px;\">\n<td style=\"width: 178px; height: 9px;\"><span style=\"color: #646464;\">07<\/span><\/td>\n<td style=\"width: 617px; height: 9px;\"><span style=\"color: #646464;\">Seminar Produkt-Sicherheit<\/span><\/td>\n<td style=\"width: 321.183px; height: 9px;\"><span style=\"color: #646464;\">3 h<\/span><\/td>\n<\/tr>\n<tr style=\"height: 27px;\">\n<td style=\"width: 178px; height: 27px;\"><span style=\"color: #646464;\">08<\/span><\/td>\n<td style=\"width: 617px; height: 27px;\"><span style=\"color: #646464;\">Einf\u00fchrung IATF 16 949 mit QM-Begriffen in der Automobil-Industrie<\/span><\/td>\n<td style=\"width: 321.183px; height: 27px;\"><span style=\"color: #646464;\">8 h<\/span><\/td>\n<\/tr>\n<tr style=\"height: 13px;\">\n<td style=\"width: 178px; height: 13px;\"><span style=\"color: #646464;\">09<\/span><\/td>\n<td style=\"width: 617px; height: 13px;\"><span style=\"color: #646464;\">Ausbildung zum Kranf\u00fchrer<\/span><\/td>\n<td style=\"width: 321.183px; height: 13px;\"><span style=\"color: #646464;\">1 h<\/span><\/td>\n<\/tr>\n<tr style=\"height: 10px;\">\n<td style=\"width: 178px; height: 10px;\"><span style=\"color: #646464;\">10<\/span><\/td>\n<td style=\"width: 617px; height: 10px;\"><span style=\"color: #646464;\">Ausbildung zum Staplerfahrer<\/span><\/td>\n<td style=\"width: 321.183px; height: 10px;\"><span style=\"color: #646464;\">5 h<\/span><\/td>\n<\/tr>\n<tr style=\"height: 15px;\">\n<td style=\"width: 178px; height: 15px;\"><span style=\"color: #646464;\">11<\/span><\/td>\n<td style=\"width: 617px; height: 15px;\"><span style=\"color: #646464;\">Ausbildung zum Sicherheitsbeauftragten<\/span><\/td>\n<td style=\"width: 321.183px; height: 15px;\"><span style=\"color: #646464;\">9 h<\/span><\/td>\n<\/tr>\n<tr style=\"height: 18px;\">\n<td style=\"width: 178px; height: 18px;\"><span style=\"color: #646464;\">12<\/span><\/td>\n<td style=\"width: 617px; height: 18px;\"><span style=\"color: #646464;\">Die neue ISO 14 001:2015<\/span><\/td>\n<td style=\"width: 321.183px; height: 18px;\"><span style=\"color: #646464;\">9 h<\/span><\/td>\n<\/tr>\n<\/tbody>\n<\/table>\n<p><span style=\"color: #646464;\"><strong>Kosten: auf Anfrage<\/strong><\/span><\/p>\n<p>&nbsp;<\/p>\n<p><img loading=\"lazy\" decoding=\"async\" class=\"alignnone wp-image-255\" src=\"http:\/\/wese-consulting.de\/wp-content\/uploads\/2018\/02\/learn-2105410_1920-300x170.jpg\" alt=\"\" width=\"600\" height=\"341\" srcset=\"https:\/\/wese-consulting.de\/wp-content\/uploads\/2018\/02\/learn-2105410_1920-300x170.jpg 300w, https:\/\/wese-consulting.de\/wp-content\/uploads\/2018\/02\/learn-2105410_1920-768x436.jpg 768w, https:\/\/wese-consulting.de\/wp-content\/uploads\/2018\/02\/learn-2105410_1920-1024x582.jpg 1024w, https:\/\/wese-consulting.de\/wp-content\/uploads\/2018\/02\/learn-2105410_1920.jpg 1920w\" sizes=\"auto, (max-width: 600px) 100vw, 600px\" \/><\/p>\n<p>&nbsp;<\/p>\n<p><span style=\"color: #646464; font-size: 20px;\"><strong><span style=\"font-size: 24px;\">Teilnehmerkreis:<\/span> <\/strong><\/span><\/p>\n<ul>\n<li><span style=\"color: #646464;\">MitarbeiterInnen, die bereits in der QS t\u00e4tig sind oder sich f\u00fcr QS-Aufgaben aufqualifizieren m\u00f6chten <\/span><\/li>\n<li><span style=\"color: #646464;\">Konstrukteure mit Entwicklungsaufgaben<\/span><\/li>\n<li><span style=\"color: #646464;\">Reklamations-SachbearbeiterInnen<\/span><\/li>\n<li><span style=\"color: #646464;\">Umweltverantwortliche<\/span><\/li>\n<li><span style=\"color: #646464;\">SGU-Verantwortliche<\/span><\/li>\n<li><span style=\"color: #646464;\">Werker <\/span><\/li>\n<li><span style=\"color: #646464;\">AbteilungsleiterInnen<\/span><\/li>\n<\/ul>\n","protected":false},"excerpt":{"rendered":"<p>&nbsp; Das Schulungsziel: Ein perfekt\u00a0fundiertes\u00a0Qualit\u00e4tsmanagement ist wirklich ein wesentlicher Faktor f\u00fcr Unternehmen, die nachhaltig am Markt teilnehmen\u00a0wollen. International etablierte Richtlinien, beispielsweise\u00a0ISO-Normen, bilden [&hellip;]<\/p>\n","protected":false},"author":1,"featured_media":0,"parent":0,"menu_order":0,"comment_status":"closed","ping_status":"closed","template":"","meta":{"footnotes":""},"class_list":["post-16","page","type-page","status-publish","hentry"],"yoast_head":"<!-- This site is optimized with the Yoast SEO plugin v27.6 - https:\/\/yoast.com\/product\/yoast-seo-wordpress\/ -->\n<title>Seminare &amp; Termine - WeSe Consulting<\/title>\n<meta name=\"robots\" content=\"index, follow, max-snippet:-1, max-image-preview:large, max-video-preview:-1\" \/>\n<link rel=\"canonical\" href=\"https:\/\/wese-consulting.de\/?page_id=16\" \/>\n<meta property=\"og:locale\" content=\"de_DE\" \/>\n<meta property=\"og:type\" content=\"article\" \/>\n<meta property=\"og:title\" content=\"Seminare &amp; Termine - WeSe Consulting\" \/>\n<meta property=\"og:description\" content=\"&nbsp; Das Schulungsziel: Ein perfekt\u00a0fundiertes\u00a0Qualit\u00e4tsmanagement ist wirklich ein wesentlicher Faktor f\u00fcr Unternehmen, die nachhaltig am Markt teilnehmen\u00a0wollen. International etablierte Richtlinien, beispielsweise\u00a0ISO-Normen, bilden [&hellip;]\" \/>\n<meta property=\"og:url\" content=\"https:\/\/wese-consulting.de\/?page_id=16\" \/>\n<meta property=\"og:site_name\" content=\"WeSe Consulting\" \/>\n<meta property=\"article:modified_time\" content=\"2021-01-18T16:21:08+00:00\" \/>\n<meta property=\"og:image\" content=\"http:\/\/wese-consulting.de\/wp-content\/uploads\/2018\/02\/Redner-Sprecher-300x212.jpg\" \/>\n<meta name=\"twitter:card\" content=\"summary_large_image\" \/>\n<meta name=\"twitter:label1\" content=\"Gesch\u00e4tzte Lesezeit\" \/>\n\t<meta name=\"twitter:data1\" content=\"2\u00a0Minuten\" \/>\n<script type=\"application\/ld+json\" class=\"yoast-schema-graph\">{\"@context\":\"https:\\\/\\\/schema.org\",\"@graph\":[{\"@type\":\"WebPage\",\"@id\":\"https:\\\/\\\/wese-consulting.de\\\/?page_id=16\",\"url\":\"https:\\\/\\\/wese-consulting.de\\\/?page_id=16\",\"name\":\"Seminare & Termine - WeSe Consulting\",\"isPartOf\":{\"@id\":\"https:\\\/\\\/wese-consulting.de\\\/#website\"},\"primaryImageOfPage\":{\"@id\":\"https:\\\/\\\/wese-consulting.de\\\/?page_id=16#primaryimage\"},\"image\":{\"@id\":\"https:\\\/\\\/wese-consulting.de\\\/?page_id=16#primaryimage\"},\"thumbnailUrl\":\"http:\\\/\\\/wese-consulting.de\\\/wp-content\\\/uploads\\\/2018\\\/02\\\/Redner-Sprecher-300x212.jpg\",\"datePublished\":\"2018-02-08T16:59:41+00:00\",\"dateModified\":\"2021-01-18T16:21:08+00:00\",\"breadcrumb\":{\"@id\":\"https:\\\/\\\/wese-consulting.de\\\/?page_id=16#breadcrumb\"},\"inLanguage\":\"de\",\"potentialAction\":[{\"@type\":\"ReadAction\",\"target\":[\"https:\\\/\\\/wese-consulting.de\\\/?page_id=16\"]}]},{\"@type\":\"ImageObject\",\"inLanguage\":\"de\",\"@id\":\"https:\\\/\\\/wese-consulting.de\\\/?page_id=16#primaryimage\",\"url\":\"http:\\\/\\\/wese-consulting.de\\\/wp-content\\\/uploads\\\/2018\\\/02\\\/Redner-Sprecher-300x212.jpg\",\"contentUrl\":\"http:\\\/\\\/wese-consulting.de\\\/wp-content\\\/uploads\\\/2018\\\/02\\\/Redner-Sprecher-300x212.jpg\"},{\"@type\":\"BreadcrumbList\",\"@id\":\"https:\\\/\\\/wese-consulting.de\\\/?page_id=16#breadcrumb\",\"itemListElement\":[{\"@type\":\"ListItem\",\"position\":1,\"name\":\"Startseite\",\"item\":\"https:\\\/\\\/wese-consulting.de\\\/\"},{\"@type\":\"ListItem\",\"position\":2,\"name\":\"Seminare &#038; Termine\"}]},{\"@type\":\"WebSite\",\"@id\":\"https:\\\/\\\/wese-consulting.de\\\/#website\",\"url\":\"https:\\\/\\\/wese-consulting.de\\\/\",\"name\":\"WeSe Consulting\",\"description\":\"\",\"potentialAction\":[{\"@type\":\"SearchAction\",\"target\":{\"@type\":\"EntryPoint\",\"urlTemplate\":\"https:\\\/\\\/wese-consulting.de\\\/?s={search_term_string}\"},\"query-input\":{\"@type\":\"PropertyValueSpecification\",\"valueRequired\":true,\"valueName\":\"search_term_string\"}}],\"inLanguage\":\"de\"}]}<\/script>\n<!-- \/ Yoast SEO plugin. -->","yoast_head_json":{"title":"Seminare & Termine - WeSe Consulting","robots":{"index":"index","follow":"follow","max-snippet":"max-snippet:-1","max-image-preview":"max-image-preview:large","max-video-preview":"max-video-preview:-1"},"canonical":"https:\/\/wese-consulting.de\/?page_id=16","og_locale":"de_DE","og_type":"article","og_title":"Seminare & Termine - WeSe Consulting","og_description":"&nbsp; Das Schulungsziel: Ein perfekt\u00a0fundiertes\u00a0Qualit\u00e4tsmanagement ist wirklich ein wesentlicher Faktor f\u00fcr Unternehmen, die nachhaltig am Markt teilnehmen\u00a0wollen. International etablierte Richtlinien, beispielsweise\u00a0ISO-Normen, bilden [&hellip;]","og_url":"https:\/\/wese-consulting.de\/?page_id=16","og_site_name":"WeSe Consulting","article_modified_time":"2021-01-18T16:21:08+00:00","og_image":[{"url":"http:\/\/wese-consulting.de\/wp-content\/uploads\/2018\/02\/Redner-Sprecher-300x212.jpg","type":"","width":"","height":""}],"twitter_card":"summary_large_image","twitter_misc":{"Gesch\u00e4tzte Lesezeit":"2\u00a0Minuten"},"schema":{"@context":"https:\/\/schema.org","@graph":[{"@type":"WebPage","@id":"https:\/\/wese-consulting.de\/?page_id=16","url":"https:\/\/wese-consulting.de\/?page_id=16","name":"Seminare & Termine - WeSe Consulting","isPartOf":{"@id":"https:\/\/wese-consulting.de\/#website"},"primaryImageOfPage":{"@id":"https:\/\/wese-consulting.de\/?page_id=16#primaryimage"},"image":{"@id":"https:\/\/wese-consulting.de\/?page_id=16#primaryimage"},"thumbnailUrl":"http:\/\/wese-consulting.de\/wp-content\/uploads\/2018\/02\/Redner-Sprecher-300x212.jpg","datePublished":"2018-02-08T16:59:41+00:00","dateModified":"2021-01-18T16:21:08+00:00","breadcrumb":{"@id":"https:\/\/wese-consulting.de\/?page_id=16#breadcrumb"},"inLanguage":"de","potentialAction":[{"@type":"ReadAction","target":["https:\/\/wese-consulting.de\/?page_id=16"]}]},{"@type":"ImageObject","inLanguage":"de","@id":"https:\/\/wese-consulting.de\/?page_id=16#primaryimage","url":"http:\/\/wese-consulting.de\/wp-content\/uploads\/2018\/02\/Redner-Sprecher-300x212.jpg","contentUrl":"http:\/\/wese-consulting.de\/wp-content\/uploads\/2018\/02\/Redner-Sprecher-300x212.jpg"},{"@type":"BreadcrumbList","@id":"https:\/\/wese-consulting.de\/?page_id=16#breadcrumb","itemListElement":[{"@type":"ListItem","position":1,"name":"Startseite","item":"https:\/\/wese-consulting.de\/"},{"@type":"ListItem","position":2,"name":"Seminare &#038; Termine"}]},{"@type":"WebSite","@id":"https:\/\/wese-consulting.de\/#website","url":"https:\/\/wese-consulting.de\/","name":"WeSe Consulting","description":"","potentialAction":[{"@type":"SearchAction","target":{"@type":"EntryPoint","urlTemplate":"https:\/\/wese-consulting.de\/?s={search_term_string}"},"query-input":{"@type":"PropertyValueSpecification","valueRequired":true,"valueName":"search_term_string"}}],"inLanguage":"de"}]}},"_links":{"self":[{"href":"https:\/\/wese-consulting.de\/index.php?rest_route=\/wp\/v2\/pages\/16","targetHints":{"allow":["GET"]}}],"collection":[{"href":"https:\/\/wese-consulting.de\/index.php?rest_route=\/wp\/v2\/pages"}],"about":[{"href":"https:\/\/wese-consulting.de\/index.php?rest_route=\/wp\/v2\/types\/page"}],"author":[{"embeddable":true,"href":"https:\/\/wese-consulting.de\/index.php?rest_route=\/wp\/v2\/users\/1"}],"replies":[{"embeddable":true,"href":"https:\/\/wese-consulting.de\/index.php?rest_route=%2Fwp%2Fv2%2Fcomments&post=16"}],"version-history":[{"count":24,"href":"https:\/\/wese-consulting.de\/index.php?rest_route=\/wp\/v2\/pages\/16\/revisions"}],"predecessor-version":[{"id":442,"href":"https:\/\/wese-consulting.de\/index.php?rest_route=\/wp\/v2\/pages\/16\/revisions\/442"}],"wp:attachment":[{"href":"https:\/\/wese-consulting.de\/index.php?rest_route=%2Fwp%2Fv2%2Fmedia&parent=16"}],"curies":[{"name":"wp","href":"https:\/\/api.w.org\/{rel}","templated":true}]}}