{"id":18,"date":"2018-02-08T17:00:03","date_gmt":"2018-02-08T17:00:03","guid":{"rendered":"http:\/\/wese-consulting.de\/?page_id=18"},"modified":"2018-02-23T18:45:08","modified_gmt":"2018-02-23T18:45:08","slug":"news","status":"publish","type":"page","link":"https:\/\/wese-consulting.de\/?page_id=18","title":{"rendered":"News"},"content":{"rendered":"<p><span style=\"font-size: 20px;\"><strong><span style=\"color: #646464;\">Das neue Risiko- und Chancenmanagement &#8211; Der Garant f\u00fcr stetiges Wachstum Ihres Unternehmens<\/span><\/strong><\/span><\/p>\n<p><span style=\"color: #646464;\">Mit den neuen Normen zur ISO im Jahr 2015 und zur TS im Jahr 2016 wurde erstmals in diese Normen das Thema Risiko- und Chancenmanagement als Normforderung aufgenommen. Allerdings wird dies in den Anh\u00e4ngen gleich wieder abgeschw\u00e4cht mit dem Hinweis, dass es keine Anforderungen gibt f\u00fcr ein formelles Risikomanagement oder einen dokumentierten Risikomanagementprozess.<br \/>\n<\/span><\/p>\n<p><span style=\"color: #646464;\">Wie sich auch aus der Auswertung der bisherigen Zertifizierungen nach den neuen Normen ergeben hat, wird das Thema Risiko- und Chancenmanagement in den Unternehmen oft auf sehr kleiner Flamme gehandelt. Es wird in der Regel genau so viel in den beiden Bereichen getan, dass die Auditoren zufrieden sind. Und das ist genau der falsche Ansatz, weil man hier nur etwas tut, um die Normen zu erf\u00fcllen, aber nicht dem Unternehmen zu helfen. Die Erfahrung hat bereits in der Vergangenheit gezeigt, dass es nicht des umfangsreichen und \u00fcberladenen Risikomanagements aus der ISO 31000 bedarf, sondern die Beschr\u00e4nkung auf die wichtigsten Elemente des Risikomanagements sind der Garant f\u00fcr eine sichere Zukunft und ein stetiges Wachstum eines Unternehmens.<\/span><\/p>\n<p><span style=\"color: #646464;\">Um was f\u00fcr wichtige Elemente handelt es sich nun? Hier haben wir in den letzten Monaten in Zusammenarbeit mit zwei Experten der Technischen Komitees 176 und 177 die nachstehenden Tools erstellt und sie bereits sehr erfolgreich in der Praxis einsetzen k\u00f6nnen:<\/span><\/p>\n<ul>\n<li><span style=\"color: #646464;\">\u00a0Einen <strong>Katalog aller m\u00f6glichen Risiken (1),<\/strong> die in einem Unternehmen bestehen k\u00f6nnen mit dem jeweiligen Bezug zur Management-Dokumentation. Dieses Standardwerk umfasst nahezu 180 Sachverhalte mit der detaillierten Beschreibung des jeweiligen Risikos und einer kurzen Beschreibung der Ursache.<\/span><\/li>\n<li><span style=\"color: #646464;\">Erg\u00e4nzt wird dieser Katalog durch ein <strong>Berechnungssystem (2)<\/strong>, mit dem mit wenig Aufwand die wichtigsten Risiken eines Unternehmens in den Bereichen <em>Externe Risiken, Finanzrisiken, Vertragsrisiken, Steuerungsrisiken, Infrastrukturrisiken und Technische Risiken <\/em>\u00fcber einen einfachen Score gesteuert werden k\u00f6nnen.<\/span><\/li>\n<li><span style=\"color: #646464;\">Als sinnvolle Erg\u00e4nzung zu diesen beiden Tools steht als weiteres Risikomanagement <strong>der Einsatz von Risikofiltern (3)<\/strong> zur Verf\u00fcgung. Diese eigenen sich besonders daf\u00fcr, die t\u00e4glich zu durchlaufenden Kernprozesse und die Standard-Produkte einem Risikofilter zu unterwerfen, der auch wieder mit einer rechnerischen Auswertung sofort verwertbare Ergebnisse liefert. Solche Risikofiltern werden \u00fcbrigens weltweit von den besonders erfolgreichen Unternehmen seit Jahren eingesetzt. Mit diesen Risikofiltern werden die ganzen Paletten des t\u00e4glichen Fehlermanagements im Prozess- und Produktbereich erfasst und bewertet.<\/span><\/li>\n<li><span style=\"color: #646464;\">Abgerundet werden k\u00f6nnen die bisher aufgef\u00fchrten Tools durch weitere EDV-unterst\u00fctzte Werkzeuge mit einer <strong>detaillierten Bewertung der einzelnen Prozesse <\/strong><strong>(4)<\/strong> durch die jeweiligen Prozesseigent\u00fcmer. Sie sind diejenigen, die sich tagt\u00e4glich mit ihren Prozessen befassen und anhand von <strong>generierten Bewertungsscores<\/strong> die Notwendigkeit von Ver\u00e4nderungen und die Verfolgung von Chancen im Einvernehmen mit der Gesch\u00e4ftsleitung sofort erkennen und handeln k\u00f6nnen.<\/span><\/li>\n<\/ul>\n<p><span style=\"color: #646464;\">Ich w\u00fcrde mich sehr freuen, wenn wir Ihr Interesse an diesen Tools geweckt haben mit dem Ziel einer umfassenden Zukunftssicherung Ihres Unternehmens.<\/span><\/p>\n<p><span style=\"color: #646464;\">Bei Interesse an den Tools kommen wir gerne unverbindlich und kostenlos in Ihr Unternehmen und stellen Ihnen die einzelnen Module vor. Bitte machen Sie einfach per Mail einen Terminvorschlag.<\/span><\/p>\n<p>&nbsp;<\/p>\n","protected":false},"excerpt":{"rendered":"<p>Das neue Risiko- und Chancenmanagement &#8211; Der Garant f\u00fcr stetiges Wachstum Ihres Unternehmens Mit den neuen Normen zur ISO im Jahr 2015 [&hellip;]<\/p>\n","protected":false},"author":1,"featured_media":0,"parent":0,"menu_order":0,"comment_status":"closed","ping_status":"closed","template":"","meta":{"footnotes":""},"class_list":["post-18","page","type-page","status-publish","hentry"],"yoast_head":"<!-- This site is optimized with the Yoast SEO plugin v27.4 - https:\/\/yoast.com\/product\/yoast-seo-wordpress\/ -->\n<title>News - WeSe Consulting<\/title>\n<meta name=\"robots\" content=\"index, follow, max-snippet:-1, max-image-preview:large, max-video-preview:-1\" \/>\n<link rel=\"canonical\" href=\"https:\/\/wese-consulting.de\/?page_id=18\" \/>\n<meta property=\"og:locale\" content=\"de_DE\" \/>\n<meta property=\"og:type\" content=\"article\" \/>\n<meta property=\"og:title\" content=\"News - WeSe Consulting\" \/>\n<meta property=\"og:description\" content=\"Das neue Risiko- und Chancenmanagement &#8211; Der Garant f\u00fcr stetiges Wachstum Ihres Unternehmens Mit den neuen Normen zur ISO im Jahr 2015 [&hellip;]\" \/>\n<meta property=\"og:url\" content=\"https:\/\/wese-consulting.de\/?page_id=18\" \/>\n<meta property=\"og:site_name\" content=\"WeSe Consulting\" \/>\n<meta property=\"article:modified_time\" content=\"2018-02-23T18:45:08+00:00\" \/>\n<meta name=\"twitter:card\" content=\"summary_large_image\" \/>\n<meta name=\"twitter:label1\" content=\"Gesch\u00e4tzte Lesezeit\" \/>\n\t<meta name=\"twitter:data1\" content=\"2\u00a0Minuten\" \/>\n<script type=\"application\/ld+json\" class=\"yoast-schema-graph\">{\"@context\":\"https:\\\/\\\/schema.org\",\"@graph\":[{\"@type\":\"WebPage\",\"@id\":\"https:\\\/\\\/wese-consulting.de\\\/?page_id=18\",\"url\":\"https:\\\/\\\/wese-consulting.de\\\/?page_id=18\",\"name\":\"News - WeSe Consulting\",\"isPartOf\":{\"@id\":\"https:\\\/\\\/wese-consulting.de\\\/#website\"},\"datePublished\":\"2018-02-08T17:00:03+00:00\",\"dateModified\":\"2018-02-23T18:45:08+00:00\",\"breadcrumb\":{\"@id\":\"https:\\\/\\\/wese-consulting.de\\\/?page_id=18#breadcrumb\"},\"inLanguage\":\"de\",\"potentialAction\":[{\"@type\":\"ReadAction\",\"target\":[\"https:\\\/\\\/wese-consulting.de\\\/?page_id=18\"]}]},{\"@type\":\"BreadcrumbList\",\"@id\":\"https:\\\/\\\/wese-consulting.de\\\/?page_id=18#breadcrumb\",\"itemListElement\":[{\"@type\":\"ListItem\",\"position\":1,\"name\":\"Startseite\",\"item\":\"https:\\\/\\\/wese-consulting.de\\\/\"},{\"@type\":\"ListItem\",\"position\":2,\"name\":\"News\"}]},{\"@type\":\"WebSite\",\"@id\":\"https:\\\/\\\/wese-consulting.de\\\/#website\",\"url\":\"https:\\\/\\\/wese-consulting.de\\\/\",\"name\":\"WeSe Consulting\",\"description\":\"\",\"potentialAction\":[{\"@type\":\"SearchAction\",\"target\":{\"@type\":\"EntryPoint\",\"urlTemplate\":\"https:\\\/\\\/wese-consulting.de\\\/?s={search_term_string}\"},\"query-input\":{\"@type\":\"PropertyValueSpecification\",\"valueRequired\":true,\"valueName\":\"search_term_string\"}}],\"inLanguage\":\"de\"}]}<\/script>\n<!-- \/ Yoast SEO plugin. -->","yoast_head_json":{"title":"News - WeSe Consulting","robots":{"index":"index","follow":"follow","max-snippet":"max-snippet:-1","max-image-preview":"max-image-preview:large","max-video-preview":"max-video-preview:-1"},"canonical":"https:\/\/wese-consulting.de\/?page_id=18","og_locale":"de_DE","og_type":"article","og_title":"News - WeSe Consulting","og_description":"Das neue Risiko- und Chancenmanagement &#8211; Der Garant f\u00fcr stetiges Wachstum Ihres Unternehmens Mit den neuen Normen zur ISO im Jahr 2015 [&hellip;]","og_url":"https:\/\/wese-consulting.de\/?page_id=18","og_site_name":"WeSe Consulting","article_modified_time":"2018-02-23T18:45:08+00:00","twitter_card":"summary_large_image","twitter_misc":{"Gesch\u00e4tzte Lesezeit":"2\u00a0Minuten"},"schema":{"@context":"https:\/\/schema.org","@graph":[{"@type":"WebPage","@id":"https:\/\/wese-consulting.de\/?page_id=18","url":"https:\/\/wese-consulting.de\/?page_id=18","name":"News - WeSe Consulting","isPartOf":{"@id":"https:\/\/wese-consulting.de\/#website"},"datePublished":"2018-02-08T17:00:03+00:00","dateModified":"2018-02-23T18:45:08+00:00","breadcrumb":{"@id":"https:\/\/wese-consulting.de\/?page_id=18#breadcrumb"},"inLanguage":"de","potentialAction":[{"@type":"ReadAction","target":["https:\/\/wese-consulting.de\/?page_id=18"]}]},{"@type":"BreadcrumbList","@id":"https:\/\/wese-consulting.de\/?page_id=18#breadcrumb","itemListElement":[{"@type":"ListItem","position":1,"name":"Startseite","item":"https:\/\/wese-consulting.de\/"},{"@type":"ListItem","position":2,"name":"News"}]},{"@type":"WebSite","@id":"https:\/\/wese-consulting.de\/#website","url":"https:\/\/wese-consulting.de\/","name":"WeSe Consulting","description":"","potentialAction":[{"@type":"SearchAction","target":{"@type":"EntryPoint","urlTemplate":"https:\/\/wese-consulting.de\/?s={search_term_string}"},"query-input":{"@type":"PropertyValueSpecification","valueRequired":true,"valueName":"search_term_string"}}],"inLanguage":"de"}]}},"_links":{"self":[{"href":"https:\/\/wese-consulting.de\/index.php?rest_route=\/wp\/v2\/pages\/18","targetHints":{"allow":["GET"]}}],"collection":[{"href":"https:\/\/wese-consulting.de\/index.php?rest_route=\/wp\/v2\/pages"}],"about":[{"href":"https:\/\/wese-consulting.de\/index.php?rest_route=\/wp\/v2\/types\/page"}],"author":[{"embeddable":true,"href":"https:\/\/wese-consulting.de\/index.php?rest_route=\/wp\/v2\/users\/1"}],"replies":[{"embeddable":true,"href":"https:\/\/wese-consulting.de\/index.php?rest_route=%2Fwp%2Fv2%2Fcomments&post=18"}],"version-history":[{"count":9,"href":"https:\/\/wese-consulting.de\/index.php?rest_route=\/wp\/v2\/pages\/18\/revisions"}],"predecessor-version":[{"id":340,"href":"https:\/\/wese-consulting.de\/index.php?rest_route=\/wp\/v2\/pages\/18\/revisions\/340"}],"wp:attachment":[{"href":"https:\/\/wese-consulting.de\/index.php?rest_route=%2Fwp%2Fv2%2Fmedia&parent=18"}],"curies":[{"name":"wp","href":"https:\/\/api.w.org\/{rel}","templated":true}]}}