{"id":199,"date":"2018-02-09T16:39:01","date_gmt":"2018-02-09T16:39:01","guid":{"rendered":"http:\/\/wese-consulting.de\/?page_id=199"},"modified":"2025-11-12T18:51:38","modified_gmt":"2025-11-12T18:51:38","slug":"kontakt","status":"publish","type":"page","link":"https:\/\/wese-consulting.de\/?page_id=199","title":{"rendered":"Kontakt"},"content":{"rendered":"<p style=\"margin: 0cm 0cm 0.0001pt;\"><span style=\"font-size: 16px; font-family: Arial, 'sans-serif'; color: #646464;\">Wir freuen uns auf Ihre Kontaktnahme<\/span><\/p>\n<p>&nbsp;<\/p>\n<p style=\"margin: 0cm 0cm 0.0001pt;\"><span style=\"font-size: 16px;\"><strong><span style=\"font-family: Arial, 'sans-serif'; color: #646464;\">Werner Lutz<\/span><\/strong><\/span><\/p>\n<p style=\"margin: 0cm 0cm 0.0001pt;\"><span style=\"font-size: 16px;\"><strong><span style=\"font-family: Arial, 'sans-serif'; color: #646464;\">Management-Beratung WeSe-Consulting<\/span><\/strong><\/span><\/p>\n<p style=\"margin: 0cm 0cm 0.0001pt;\"><span style=\"font-size: 16px;\"><strong><span style=\"font-family: Arial, 'sans-serif'; color: #646464;\">77654 Offenburg<\/span><\/strong><\/span><\/p>\n<p style=\"margin: 0cm 0cm 0.0001pt;\"><span style=\"font-size: 16px;\"><strong><span style=\"font-family: Arial, 'sans-serif'; color: #646464;\">Tel. +49 (0) 15752041327<\/span><\/strong><\/span><\/p>\n<p>&nbsp;<\/p>\n<p>&nbsp;<\/p>\n<p style=\"margin: 0cm 0cm 0.0001pt;\"><span style=\"font-size: 16px; font-family: Arial, 'sans-serif'; color: #646464;\">Schreiben Sie uns Ihre Nachricht:<\/span><\/p>\n<p>&nbsp;<\/p>\n\n<div class=\"wpcf7 no-js\" id=\"wpcf7-f6-o1\" lang=\"de-DE\" dir=\"ltr\" data-wpcf7-id=\"6\">\n<div class=\"screen-reader-response\"><p role=\"status\" aria-live=\"polite\" aria-atomic=\"true\"><\/p> <ul><\/ul><\/div>\n<form action=\"\/index.php?rest_route=%2Fwp%2Fv2%2Fpages%2F199#wpcf7-f6-o1\" method=\"post\" class=\"wpcf7-form init\" aria-label=\"Kontaktformular\" novalidate=\"novalidate\" data-status=\"init\">\n<fieldset class=\"hidden-fields-container\"><input type=\"hidden\" name=\"_wpcf7\" value=\"6\" \/><input type=\"hidden\" name=\"_wpcf7_version\" value=\"6.1.5\" \/><input type=\"hidden\" name=\"_wpcf7_locale\" value=\"de_DE\" \/><input type=\"hidden\" name=\"_wpcf7_unit_tag\" value=\"wpcf7-f6-o1\" \/><input type=\"hidden\" name=\"_wpcf7_container_post\" value=\"0\" \/><input type=\"hidden\" name=\"_wpcf7_posted_data_hash\" value=\"\" \/>\n<\/fieldset>\n<p><label> Ihr Name (Pflichtfeld)<br \/>\n<span class=\"wpcf7-form-control-wrap\" data-name=\"your-name\"><input size=\"40\" maxlength=\"400\" class=\"wpcf7-form-control wpcf7-text wpcf7-validates-as-required\" aria-required=\"true\" aria-invalid=\"false\" value=\"\" type=\"text\" name=\"your-name\" \/><\/span> <\/label>\n<\/p>\n<p><label> Ihre E-Mail-Adresse (Pflichtfeld)<br \/>\n<span class=\"wpcf7-form-control-wrap\" data-name=\"your-email\"><input size=\"40\" maxlength=\"400\" class=\"wpcf7-form-control wpcf7-email wpcf7-validates-as-required wpcf7-text wpcf7-validates-as-email\" aria-required=\"true\" aria-invalid=\"false\" value=\"\" type=\"email\" name=\"your-email\" \/><\/span> <\/label>\n<\/p>\n<p><label> Betreff<br \/>\n<span class=\"wpcf7-form-control-wrap\" data-name=\"your-subject\"><input size=\"40\" maxlength=\"400\" class=\"wpcf7-form-control wpcf7-text\" aria-invalid=\"false\" value=\"\" type=\"text\" name=\"your-subject\" \/><\/span> <\/label>\n<\/p>\n<p><label> Ihre Nachricht<br \/>\n<span class=\"wpcf7-form-control-wrap\" data-name=\"your-message\"><textarea cols=\"40\" rows=\"10\" maxlength=\"2000\" class=\"wpcf7-form-control wpcf7-textarea\" aria-invalid=\"false\" name=\"your-message\"><\/textarea><\/span> <\/label>\n<\/p>\n<p>Wichtiger Hinweis zum Datenschutz:<br \/>\nDie personenbezogenen Daten, die Sie uns im Rahmen dieser Kontaktanfrage zur Verf\u00fcgung stellen, werden nur f\u00fcr die Beantwortung Ihrer Anfrage bzw. Kontaktaufnahme und f\u00fcr die damit verbundene technische Administration verwendet. Detaillierte Informationen zum Datenschutz und zum Umgang mit personenbezogenen Daten finden Sie in der allgemeinen Datenschutzerkl\u00e4rung dieser Webseite.<br \/>\nSollten Sie mit der Speicherung nicht einverstanden sein, senden Sie uns bitte Ihren Widerruf\n<\/p>\n<p><span class=\"wpcf7-form-control-wrap\" data-name=\"checkbox-650\"><span class=\"wpcf7-form-control wpcf7-checkbox wpcf7-validates-as-required\"><span class=\"wpcf7-list-item first last\"><input type=\"checkbox\" name=\"checkbox-650[]\" value=\"Ich habe den Datenschutzhinweis gelesen und bin einverstanden\" \/><span class=\"wpcf7-list-item-label\">Ich habe den Datenschutzhinweis gelesen und bin einverstanden<\/span><\/span><\/span><\/span>\n<\/p>\n<p><input class=\"wpcf7-form-control wpcf7-submit has-spinner\" type=\"submit\" value=\"Senden\" \/>\n<\/p><p style=\"display: none !important;\" class=\"akismet-fields-container\" data-prefix=\"_wpcf7_ak_\"><label>&#916;<textarea name=\"_wpcf7_ak_hp_textarea\" cols=\"45\" rows=\"8\" maxlength=\"100\"><\/textarea><\/label><input type=\"hidden\" id=\"ak_js_1\" name=\"_wpcf7_ak_js\" value=\"76\"\/><script type=\"text\/javascript\">\n\/* <![CDATA[ *\/\ndocument.getElementById( \"ak_js_1\" ).setAttribute( \"value\", ( new Date() ).getTime() );\n\/* ]]> *\/\n<\/script>\n<\/p><div class=\"wpcf7-response-output\" aria-hidden=\"true\"><\/div>\n<\/form>\n<\/div>\n\n","protected":false},"excerpt":{"rendered":"<p>Wir freuen uns auf Ihre Kontaktnahme &nbsp; Werner Lutz Management-Beratung WeSe-Consulting 77654 Offenburg Tel. +49 (0) 15752041327 &nbsp; &nbsp; Schreiben Sie uns [&hellip;]<\/p>\n","protected":false},"author":1,"featured_media":0,"parent":0,"menu_order":0,"comment_status":"closed","ping_status":"closed","template":"","meta":{"footnotes":""},"class_list":["post-199","page","type-page","status-publish","hentry"],"yoast_head":"<!-- This site is optimized with the Yoast SEO plugin v27.5 - https:\/\/yoast.com\/product\/yoast-seo-wordpress\/ -->\n<title>Kontakt - WeSe Consulting<\/title>\n<meta name=\"robots\" content=\"index, follow, max-snippet:-1, max-image-preview:large, max-video-preview:-1\" \/>\n<link rel=\"canonical\" href=\"https:\/\/wese-consulting.de\/?page_id=199\" \/>\n<meta property=\"og:locale\" content=\"de_DE\" \/>\n<meta property=\"og:type\" content=\"article\" \/>\n<meta property=\"og:title\" content=\"Kontakt - WeSe Consulting\" \/>\n<meta property=\"og:description\" content=\"Wir freuen uns auf Ihre Kontaktnahme &nbsp; Werner Lutz Management-Beratung WeSe-Consulting 77654 Offenburg Tel. +49 (0) 15752041327 &nbsp; &nbsp; Schreiben Sie uns [&hellip;]\" \/>\n<meta property=\"og:url\" content=\"https:\/\/wese-consulting.de\/?page_id=199\" \/>\n<meta property=\"og:site_name\" content=\"WeSe Consulting\" \/>\n<meta property=\"article:modified_time\" content=\"2025-11-12T18:51:38+00:00\" \/>\n<meta name=\"twitter:card\" content=\"summary_large_image\" \/>\n<meta name=\"twitter:label1\" content=\"Gesch\u00e4tzte Lesezeit\" \/>\n\t<meta name=\"twitter:data1\" content=\"1\u00a0Minute\" \/>\n<script type=\"application\/ld+json\" class=\"yoast-schema-graph\">{\"@context\":\"https:\\\/\\\/schema.org\",\"@graph\":[{\"@type\":\"WebPage\",\"@id\":\"https:\\\/\\\/wese-consulting.de\\\/?page_id=199\",\"url\":\"https:\\\/\\\/wese-consulting.de\\\/?page_id=199\",\"name\":\"Kontakt - WeSe Consulting\",\"isPartOf\":{\"@id\":\"https:\\\/\\\/wese-consulting.de\\\/#website\"},\"datePublished\":\"2018-02-09T16:39:01+00:00\",\"dateModified\":\"2025-11-12T18:51:38+00:00\",\"breadcrumb\":{\"@id\":\"https:\\\/\\\/wese-consulting.de\\\/?page_id=199#breadcrumb\"},\"inLanguage\":\"de\",\"potentialAction\":[{\"@type\":\"ReadAction\",\"target\":[\"https:\\\/\\\/wese-consulting.de\\\/?page_id=199\"]}]},{\"@type\":\"BreadcrumbList\",\"@id\":\"https:\\\/\\\/wese-consulting.de\\\/?page_id=199#breadcrumb\",\"itemListElement\":[{\"@type\":\"ListItem\",\"position\":1,\"name\":\"Startseite\",\"item\":\"https:\\\/\\\/wese-consulting.de\\\/\"},{\"@type\":\"ListItem\",\"position\":2,\"name\":\"Kontakt\"}]},{\"@type\":\"WebSite\",\"@id\":\"https:\\\/\\\/wese-consulting.de\\\/#website\",\"url\":\"https:\\\/\\\/wese-consulting.de\\\/\",\"name\":\"WeSe Consulting\",\"description\":\"\",\"potentialAction\":[{\"@type\":\"SearchAction\",\"target\":{\"@type\":\"EntryPoint\",\"urlTemplate\":\"https:\\\/\\\/wese-consulting.de\\\/?s={search_term_string}\"},\"query-input\":{\"@type\":\"PropertyValueSpecification\",\"valueRequired\":true,\"valueName\":\"search_term_string\"}}],\"inLanguage\":\"de\"}]}<\/script>\n<!-- \/ Yoast SEO plugin. -->","yoast_head_json":{"title":"Kontakt - WeSe Consulting","robots":{"index":"index","follow":"follow","max-snippet":"max-snippet:-1","max-image-preview":"max-image-preview:large","max-video-preview":"max-video-preview:-1"},"canonical":"https:\/\/wese-consulting.de\/?page_id=199","og_locale":"de_DE","og_type":"article","og_title":"Kontakt - WeSe Consulting","og_description":"Wir freuen uns auf Ihre Kontaktnahme &nbsp; Werner Lutz Management-Beratung WeSe-Consulting 77654 Offenburg Tel. +49 (0) 15752041327 &nbsp; &nbsp; Schreiben Sie uns [&hellip;]","og_url":"https:\/\/wese-consulting.de\/?page_id=199","og_site_name":"WeSe Consulting","article_modified_time":"2025-11-12T18:51:38+00:00","twitter_card":"summary_large_image","twitter_misc":{"Gesch\u00e4tzte Lesezeit":"1\u00a0Minute"},"schema":{"@context":"https:\/\/schema.org","@graph":[{"@type":"WebPage","@id":"https:\/\/wese-consulting.de\/?page_id=199","url":"https:\/\/wese-consulting.de\/?page_id=199","name":"Kontakt - WeSe Consulting","isPartOf":{"@id":"https:\/\/wese-consulting.de\/#website"},"datePublished":"2018-02-09T16:39:01+00:00","dateModified":"2025-11-12T18:51:38+00:00","breadcrumb":{"@id":"https:\/\/wese-consulting.de\/?page_id=199#breadcrumb"},"inLanguage":"de","potentialAction":[{"@type":"ReadAction","target":["https:\/\/wese-consulting.de\/?page_id=199"]}]},{"@type":"BreadcrumbList","@id":"https:\/\/wese-consulting.de\/?page_id=199#breadcrumb","itemListElement":[{"@type":"ListItem","position":1,"name":"Startseite","item":"https:\/\/wese-consulting.de\/"},{"@type":"ListItem","position":2,"name":"Kontakt"}]},{"@type":"WebSite","@id":"https:\/\/wese-consulting.de\/#website","url":"https:\/\/wese-consulting.de\/","name":"WeSe Consulting","description":"","potentialAction":[{"@type":"SearchAction","target":{"@type":"EntryPoint","urlTemplate":"https:\/\/wese-consulting.de\/?s={search_term_string}"},"query-input":{"@type":"PropertyValueSpecification","valueRequired":true,"valueName":"search_term_string"}}],"inLanguage":"de"}]}},"_links":{"self":[{"href":"https:\/\/wese-consulting.de\/index.php?rest_route=\/wp\/v2\/pages\/199","targetHints":{"allow":["GET"]}}],"collection":[{"href":"https:\/\/wese-consulting.de\/index.php?rest_route=\/wp\/v2\/pages"}],"about":[{"href":"https:\/\/wese-consulting.de\/index.php?rest_route=\/wp\/v2\/types\/page"}],"author":[{"embeddable":true,"href":"https:\/\/wese-consulting.de\/index.php?rest_route=\/wp\/v2\/users\/1"}],"replies":[{"embeddable":true,"href":"https:\/\/wese-consulting.de\/index.php?rest_route=%2Fwp%2Fv2%2Fcomments&post=199"}],"version-history":[{"count":20,"href":"https:\/\/wese-consulting.de\/index.php?rest_route=\/wp\/v2\/pages\/199\/revisions"}],"predecessor-version":[{"id":467,"href":"https:\/\/wese-consulting.de\/index.php?rest_route=\/wp\/v2\/pages\/199\/revisions\/467"}],"wp:attachment":[{"href":"https:\/\/wese-consulting.de\/index.php?rest_route=%2Fwp%2Fv2%2Fmedia&parent=199"}],"curies":[{"name":"wp","href":"https:\/\/api.w.org\/{rel}","templated":true}]}}