{"id":20,"date":"2018-02-08T17:00:17","date_gmt":"2018-02-08T17:00:17","guid":{"rendered":"http:\/\/wese-consulting.de\/?page_id=20"},"modified":"2018-02-26T19:49:04","modified_gmt":"2018-02-26T19:49:04","slug":"referenzen","status":"publish","type":"page","link":"https:\/\/wese-consulting.de\/?page_id=20","title":{"rendered":"Referenzen"},"content":{"rendered":"<p><span style=\"font-size: 24px; color: #646464;\"><strong><u>Ausgew\u00e4hlte Referenzen im Bereich Qualit\u00e4tsmanagement:<\/u><\/strong><\/span><\/p>\n<p><span style=\"color: #646464;\"><strong>Qualit\u00e4tsmanagementsysteme nach DIN EN ISO 9001:<\/strong><\/span><\/p>\n<ul>\n<li><span style=\"color: #646464;\">Firma Hubert Gissler, Spanabhebende Fertigung, Zell a. H. Audits und Management-Reviews (45 Mitarbeiter)<\/span><\/li>\n<li><span style=\"color: #646464;\">Firma Hock Sachsen GmbH, Beierfeld (340 Mitarbeiter)<\/span><\/li>\n<li><span style=\"color: #646464;\">Firma Hock GmbH Sch\u00f6nwald (70 Mitarbeiter)<\/span><\/li>\n<li><span style=\"color: #646464;\">Firma Trautwein Pr\u00e4zisionstechnik GmbH, Schiltach (7 Mitarbeiter)<\/span><\/li>\n<li><span style=\"color: #646464;\">Firma Ruch Novaplast GmbH &amp; Co. KG, Oberkirch (150 Mitarbeiter)<\/span><\/li>\n<li><span style=\"color: #646464;\">Firma Benz GmbH Werkzeuge &amp; Co. KG \u00a0(200 Mitarbeiter)<\/span><\/li>\n<li><span style=\"color: #646464;\">Firma Br\u00fcstle Mechanik GmbH, Gutach (30 Mitarbeiter)<\/span><\/li>\n<li><span style=\"color: #646464;\">Firma Wiegert &amp; B\u00e4hr Maschinenbau GmbH, Renchen (35 Mitarbeiter)<\/span><\/li>\n<li><span style=\"color: #646464;\">Firma CABA-Blind Antriebsaggregate GmbH, Kehl-Goldscheuer (35 Mitarbeiter)<\/span><\/li>\n<li><span style=\"color: #646464;\">Firma EHT GmbH Werkzeugmaschinen, Teningen (180 Mitarbeiter)<\/span><\/li>\n<\/ul>\n<p><span style=\"color: #646464;\"><strong>nach IATF \/ TS 16 949 inklusive Audits und Management Reviews:<\/strong><\/span><\/p>\n<ul>\n<li><span style=\"color: #646464;\">Firma Plasma-H\u00e4rtetechnik GmbH, Kehl-Goldscheuer\u00a0 (70 Mitarbeiter)<\/span><\/li>\n<li><span style=\"color: #646464;\">Firma Hubert Gissler, Spanabhebende Fertigung, Zell a.H.<br \/>\n<\/span><\/li>\n<\/ul>\n<p><span style=\"color: #646464;\"><strong>Ausbildung von Auditoren:<\/strong><\/span><\/p>\n<ul>\n<li><span style=\"color: #646464;\">Firma Hock GmbH, Sch\u00f6nwald (70 Mitarbeiter)<\/span><\/li>\n<\/ul>\n<p><span style=\"color: #646464;\"><strong>Benchmark-Studien:<\/strong><\/span><\/p>\n<ul>\n<li><span style=\"color: #646464;\">Firma Frako GmbH, Teningen (250 Mitarbeiter)<\/span><\/li>\n<li><span style=\"color: #646464;\">Firma Plasma-H\u00e4rtetechnik GmbH, Kehl-Goldscheuer (70 Mitarbeiter)<\/span><\/li>\n<\/ul>\n<p><span style=\"color: #646464;\"><strong>Schulung:<\/strong><\/span><\/p>\n<ul>\n<li><span style=\"color: #646464;\">Inhouse-Seminare zur DIN EN ISO 9001:2008\/15 und zur IATF\/TS 16 949<\/span><\/li>\n<\/ul>\n<p><img loading=\"lazy\" decoding=\"async\" class=\"alignnone wp-image-397\" src=\"http:\/\/wese-consulting.de\/wp-content\/uploads\/2018\/02\/Hand-300x188.jpg\" alt=\"\" width=\"600\" height=\"376\" srcset=\"https:\/\/wese-consulting.de\/wp-content\/uploads\/2018\/02\/Hand-300x188.jpg 300w, https:\/\/wese-consulting.de\/wp-content\/uploads\/2018\/02\/Hand-768x481.jpg 768w, https:\/\/wese-consulting.de\/wp-content\/uploads\/2018\/02\/Hand-1024x641.jpg 1024w, https:\/\/wese-consulting.de\/wp-content\/uploads\/2018\/02\/Hand.jpg 1920w\" sizes=\"auto, (max-width: 600px) 100vw, 600px\" \/><\/p>\n<p>&nbsp;<\/p>\n<p>&nbsp;<\/p>\n<p><span style=\"color: #646464; font-size: 24px;\"><strong><u>Ausgew\u00e4hlte Referenzen im Bereich Umweltmanagement:<\/u><\/strong><\/span><\/p>\n<p><strong><span style=\"color: #646464;\">Umweltmanagementsysteme:<\/span><\/strong><\/p>\n<ul>\n<li><span style=\"color: #646464;\">Technische Betriebe Offenburg (TBO) (40 Mitarbeiter)<\/span><\/li>\n<li><span style=\"color: #646464;\">Firma Hubert Gissler, Spanabhebende Fertigung, Zell a. H. (45 Mitarbeiter)<\/span><\/li>\n<li><span style=\"color: #646464;\">Firma Ruch Novaplast GmbH &amp; Co. KG, Oberkirch (150 Mitarbeiter)<\/span><\/li>\n<\/ul>\n<p><strong><span style=\"color: #646464;\">\u00d6kobilanzen:<\/span><\/strong><\/p>\n<ul>\n<li><span style=\"color: #646464;\">Firma Wilo GmbH, Dortmund-H\u00f6rden (4.000 Mitarbeiter)<\/span><\/li>\n<\/ul>\n<p><strong><span style=\"color: #646464;\">Abfallbilanzen\/Abfallwirtschaftskonzepte:<\/span><\/strong><\/p>\n<ul>\n<li><span style=\"color: #646464;\">Firma Hubert Gissler, Spanabhebende Fertigung, Zell a.H. (45 Mitarbeiter)<\/span><\/li>\n<li><span style=\"color: #646464;\">Firma Plasma-H\u00e4rtetechnik GmbH, Kehl-Goldscheuer (70 Mitarbeiter)<\/span><\/li>\n<\/ul>\n<p><strong><span style=\"color: #646464;\">Schulung:<\/span><\/strong><\/p>\n<ul>\n<li><span style=\"color: #646464;\">Inhouse-Seminare zur DIN EN ISO 14001 und EMAS I und II<\/span><\/li>\n<\/ul>\n<p><strong><span style=\"color: #646464;\">Kongresse:<\/span><\/strong><\/p>\n<ul>\n<li><span style=\"color: #646464;\">Europ\u00e4ischer Fachkongress \u201eKlimaschutz und Ressourcenmanagement in Europa\u201c am 17.\/18.06.1999<\/span><\/li>\n<\/ul>\n<p><strong><span style=\"color: #646464;\">Ver\u00f6ffentlichungen:<\/span><\/strong><\/p>\n<ul>\n<li><span style=\"color: #646464;\">\u201ePumpe ist eben nicht gleich Pumpe\u201c \u2013 Umweltmagazin Juni 2000<\/span><\/li>\n<li><span style=\"color: #646464;\">\u201eVergleichende \u00d6kobilanz einer Heizungspumpe\u201c \u2013 FORUM Umweltmanagement Juli 2000<\/span><\/li>\n<\/ul>\n<p><img loading=\"lazy\" decoding=\"async\" class=\"alignnone wp-image-398\" src=\"http:\/\/wese-consulting.de\/wp-content\/uploads\/2018\/02\/Industrie-300x200.png\" alt=\"\" width=\"600\" height=\"400\" srcset=\"https:\/\/wese-consulting.de\/wp-content\/uploads\/2018\/02\/Industrie-300x200.png 300w, https:\/\/wese-consulting.de\/wp-content\/uploads\/2018\/02\/Industrie-768x512.png 768w, https:\/\/wese-consulting.de\/wp-content\/uploads\/2018\/02\/Industrie-1024x682.png 1024w, https:\/\/wese-consulting.de\/wp-content\/uploads\/2018\/02\/Industrie-750x500.png 750w, https:\/\/wese-consulting.de\/wp-content\/uploads\/2018\/02\/Industrie.png 1920w\" sizes=\"auto, (max-width: 600px) 100vw, 600px\" \/><\/p>\n<p>&nbsp;<\/p>\n<p><span style=\"color: #646464; font-size: 24px;\"><strong><u>Ausgew\u00e4hlte Referenzen im Bereich Sicherheitsmanagement:<\/u><\/strong><\/span><\/p>\n<p><strong><span style=\"color: #646464;\">Gef\u00e4hrdungsbeurteilungen (mit Erstellung von Betriebsanweisungen:<\/span><\/strong><\/p>\n<ul>\n<li><span style=\"color: #646464;\">Firma Benz GmbH Werkzeuge &amp; Co. KG \u00a0(200 Mitarbeiter)<\/span><\/li>\n<li><span style=\"color: #646464;\">Firma Hubert Gissler, Spanabhebende Fertigung, Zell a. H. (28 Mitarbeiter)<\/span><\/li>\n<li><span style=\"color: #646464;\">Firma Plasma-H\u00e4rtetechnik GmbH, Kehl-Goldscheuer<\/span><\/li>\n<li><span style=\"color: #646464;\">Firma Kettenmann GmbH, Apparatebau, Stuttgart (50 Mitarbeiter)<\/span><\/li>\n<li><span style=\"color: #646464;\">Firma Hock GmbH, Sch\u00f6nwald (70 Mitarbeiter)<\/span><\/li>\n<\/ul>\n<p><strong><span style=\"color: #646464;\">Externe Fachkraft f\u00fcr Arbeitssicherheit:<\/span><\/strong><\/p>\n<ul>\n<li><span style=\"color: #646464;\">Firma CABA-Blind Antriebsaggregate GmbH, Kehl-Goldscheuer<\/span><\/li>\n<li><span style=\"color: #646464;\">Trumpf Werkzeugmaschinen GmbH, Teningen\u00a0\u00a0\u00a0\u00a0\u00a0\u00a0\u00a0\u00a0\u00a0\u00a0\u00a0\u00a0\u00a0\u00a0\u00a0\u00a0\u00a0\u00a0\u00a0\u00a0\u00a0\u00a0\u00a0\u00a0\u00a0\u00a0\u00a0\u00a0\u00a0\u00a0\u00a0\u00a0\u00a0\u00a0\u00a0\u00a0\u00a0\u00a0\u00a0\u00a0\u00a0\u00a0\u00a0\u00a0\u00a0 <\/span><\/li>\n<\/ul>\n<p><strong><span style=\"color: #646464;\">Mitglied in Arbeitsschutzaussch\u00fcssen:<\/span><\/strong><\/p>\n<ul>\n<li><span style=\"color: #646464;\">Firma Hock GmbH, Sch\u00f6nwald (70 Mitarbeiter)<\/span><\/li>\n<li><span style=\"color: #646464;\">Hubert Gissler, Spanabhebende Fertigung<\/span><\/li>\n<li><span style=\"color: #646464;\">Trumpf Werkzeugmaschinen GmbH, Teningen\u00a0\u00a0\u00a0\u00a0\u00a0\u00a0\u00a0\u00a0\u00a0\u00a0\u00a0\u00a0\u00a0\u00a0\u00a0\u00a0\u00a0\u00a0\u00a0\u00a0\u00a0\u00a0\u00a0\u00a0\u00a0\u00a0\u00a0\u00a0\u00a0\u00a0\u00a0\u00a0\u00a0\u00a0\u00a0\u00a0\u00a0\u00a0\u00a0\u00a0\u00a0\u00a0\u00a0\u00a0\u00a0\u00a0\u00a0 <\/span><\/li>\n<\/ul>\n<p><strong><span style=\"color: #646464;\">Schulung:<\/span><\/strong><\/p>\n<p><span style=\"color: #646464;\">Inhouse-Seminare<\/span><\/p>\n<ul>\n<li><span style=\"color: #646464;\">zur Ausbildung von Sicherheitsfachkr\u00e4ften<\/span><\/li>\n<li><span style=\"color: #646464;\">zur Ausbildung von Staplerfahrern<\/span><\/li>\n<\/ul>\n<p><img loading=\"lazy\" decoding=\"async\" class=\"alignnone wp-image-399\" src=\"http:\/\/wese-consulting.de\/wp-content\/uploads\/2018\/02\/Schweisser-1-300x169.jpg\" alt=\"\" width=\"600\" height=\"338\" srcset=\"https:\/\/wese-consulting.de\/wp-content\/uploads\/2018\/02\/Schweisser-1-300x169.jpg 300w, https:\/\/wese-consulting.de\/wp-content\/uploads\/2018\/02\/Schweisser-1-768x432.jpg 768w, https:\/\/wese-consulting.de\/wp-content\/uploads\/2018\/02\/Schweisser-1-1024x576.jpg 1024w, https:\/\/wese-consulting.de\/wp-content\/uploads\/2018\/02\/Schweisser-1.jpg 1920w\" sizes=\"auto, (max-width: 600px) 100vw, 600px\" \/><\/p>\n","protected":false},"excerpt":{"rendered":"<p>Ausgew\u00e4hlte Referenzen im Bereich Qualit\u00e4tsmanagement: Qualit\u00e4tsmanagementsysteme nach DIN EN ISO 9001: Firma Hubert Gissler, Spanabhebende Fertigung, Zell a. H. Audits und Management-Reviews [&hellip;]<\/p>\n","protected":false},"author":1,"featured_media":32,"parent":0,"menu_order":0,"comment_status":"closed","ping_status":"closed","template":"","meta":{"footnotes":""},"class_list":["post-20","page","type-page","status-publish","has-post-thumbnail","hentry"],"yoast_head":"<!-- This site is optimized with the Yoast SEO plugin v27.4 - https:\/\/yoast.com\/product\/yoast-seo-wordpress\/ -->\n<title>Referenzen - WeSe Consulting<\/title>\n<meta name=\"robots\" content=\"index, follow, max-snippet:-1, max-image-preview:large, max-video-preview:-1\" \/>\n<link rel=\"canonical\" href=\"https:\/\/wese-consulting.de\/?page_id=20\" \/>\n<meta property=\"og:locale\" content=\"de_DE\" \/>\n<meta property=\"og:type\" content=\"article\" \/>\n<meta property=\"og:title\" content=\"Referenzen - WeSe Consulting\" \/>\n<meta property=\"og:description\" content=\"Ausgew\u00e4hlte Referenzen im Bereich Qualit\u00e4tsmanagement: Qualit\u00e4tsmanagementsysteme nach DIN EN ISO 9001: Firma Hubert Gissler, Spanabhebende Fertigung, Zell a. H. Audits und Management-Reviews [&hellip;]\" \/>\n<meta property=\"og:url\" content=\"https:\/\/wese-consulting.de\/?page_id=20\" \/>\n<meta property=\"og:site_name\" content=\"WeSe Consulting\" \/>\n<meta property=\"article:modified_time\" content=\"2018-02-26T19:49:04+00:00\" \/>\n<meta property=\"og:image\" content=\"https:\/\/wese-consulting.de\/wp-content\/uploads\/2018\/02\/cropped-industry-1827884_1920.jpg\" \/>\n\t<meta property=\"og:image:width\" content=\"512\" \/>\n\t<meta property=\"og:image:height\" content=\"512\" \/>\n\t<meta property=\"og:image:type\" content=\"image\/jpeg\" \/>\n<meta name=\"twitter:card\" content=\"summary_large_image\" \/>\n<meta name=\"twitter:label1\" content=\"Gesch\u00e4tzte Lesezeit\" \/>\n\t<meta name=\"twitter:data1\" content=\"2\u00a0Minuten\" \/>\n<script type=\"application\/ld+json\" class=\"yoast-schema-graph\">{\"@context\":\"https:\\\/\\\/schema.org\",\"@graph\":[{\"@type\":\"WebPage\",\"@id\":\"https:\\\/\\\/wese-consulting.de\\\/?page_id=20\",\"url\":\"https:\\\/\\\/wese-consulting.de\\\/?page_id=20\",\"name\":\"Referenzen - WeSe Consulting\",\"isPartOf\":{\"@id\":\"https:\\\/\\\/wese-consulting.de\\\/#website\"},\"primaryImageOfPage\":{\"@id\":\"https:\\\/\\\/wese-consulting.de\\\/?page_id=20#primaryimage\"},\"image\":{\"@id\":\"https:\\\/\\\/wese-consulting.de\\\/?page_id=20#primaryimage\"},\"thumbnailUrl\":\"https:\\\/\\\/wese-consulting.de\\\/wp-content\\\/uploads\\\/2018\\\/02\\\/cropped-industry-1827884_1920.jpg\",\"datePublished\":\"2018-02-08T17:00:17+00:00\",\"dateModified\":\"2018-02-26T19:49:04+00:00\",\"breadcrumb\":{\"@id\":\"https:\\\/\\\/wese-consulting.de\\\/?page_id=20#breadcrumb\"},\"inLanguage\":\"de\",\"potentialAction\":[{\"@type\":\"ReadAction\",\"target\":[\"https:\\\/\\\/wese-consulting.de\\\/?page_id=20\"]}]},{\"@type\":\"ImageObject\",\"inLanguage\":\"de\",\"@id\":\"https:\\\/\\\/wese-consulting.de\\\/?page_id=20#primaryimage\",\"url\":\"https:\\\/\\\/wese-consulting.de\\\/wp-content\\\/uploads\\\/2018\\\/02\\\/cropped-industry-1827884_1920.jpg\",\"contentUrl\":\"https:\\\/\\\/wese-consulting.de\\\/wp-content\\\/uploads\\\/2018\\\/02\\\/cropped-industry-1827884_1920.jpg\",\"width\":512,\"height\":512},{\"@type\":\"BreadcrumbList\",\"@id\":\"https:\\\/\\\/wese-consulting.de\\\/?page_id=20#breadcrumb\",\"itemListElement\":[{\"@type\":\"ListItem\",\"position\":1,\"name\":\"Startseite\",\"item\":\"https:\\\/\\\/wese-consulting.de\\\/\"},{\"@type\":\"ListItem\",\"position\":2,\"name\":\"Referenzen\"}]},{\"@type\":\"WebSite\",\"@id\":\"https:\\\/\\\/wese-consulting.de\\\/#website\",\"url\":\"https:\\\/\\\/wese-consulting.de\\\/\",\"name\":\"WeSe Consulting\",\"description\":\"\",\"potentialAction\":[{\"@type\":\"SearchAction\",\"target\":{\"@type\":\"EntryPoint\",\"urlTemplate\":\"https:\\\/\\\/wese-consulting.de\\\/?s={search_term_string}\"},\"query-input\":{\"@type\":\"PropertyValueSpecification\",\"valueRequired\":true,\"valueName\":\"search_term_string\"}}],\"inLanguage\":\"de\"}]}<\/script>\n<!-- \/ Yoast SEO plugin. -->","yoast_head_json":{"title":"Referenzen - WeSe Consulting","robots":{"index":"index","follow":"follow","max-snippet":"max-snippet:-1","max-image-preview":"max-image-preview:large","max-video-preview":"max-video-preview:-1"},"canonical":"https:\/\/wese-consulting.de\/?page_id=20","og_locale":"de_DE","og_type":"article","og_title":"Referenzen - WeSe Consulting","og_description":"Ausgew\u00e4hlte Referenzen im Bereich Qualit\u00e4tsmanagement: Qualit\u00e4tsmanagementsysteme nach DIN EN ISO 9001: Firma Hubert Gissler, Spanabhebende Fertigung, Zell a. H. Audits und Management-Reviews [&hellip;]","og_url":"https:\/\/wese-consulting.de\/?page_id=20","og_site_name":"WeSe Consulting","article_modified_time":"2018-02-26T19:49:04+00:00","og_image":[{"width":512,"height":512,"url":"https:\/\/wese-consulting.de\/wp-content\/uploads\/2018\/02\/cropped-industry-1827884_1920.jpg","type":"image\/jpeg"}],"twitter_card":"summary_large_image","twitter_misc":{"Gesch\u00e4tzte Lesezeit":"2\u00a0Minuten"},"schema":{"@context":"https:\/\/schema.org","@graph":[{"@type":"WebPage","@id":"https:\/\/wese-consulting.de\/?page_id=20","url":"https:\/\/wese-consulting.de\/?page_id=20","name":"Referenzen - WeSe Consulting","isPartOf":{"@id":"https:\/\/wese-consulting.de\/#website"},"primaryImageOfPage":{"@id":"https:\/\/wese-consulting.de\/?page_id=20#primaryimage"},"image":{"@id":"https:\/\/wese-consulting.de\/?page_id=20#primaryimage"},"thumbnailUrl":"https:\/\/wese-consulting.de\/wp-content\/uploads\/2018\/02\/cropped-industry-1827884_1920.jpg","datePublished":"2018-02-08T17:00:17+00:00","dateModified":"2018-02-26T19:49:04+00:00","breadcrumb":{"@id":"https:\/\/wese-consulting.de\/?page_id=20#breadcrumb"},"inLanguage":"de","potentialAction":[{"@type":"ReadAction","target":["https:\/\/wese-consulting.de\/?page_id=20"]}]},{"@type":"ImageObject","inLanguage":"de","@id":"https:\/\/wese-consulting.de\/?page_id=20#primaryimage","url":"https:\/\/wese-consulting.de\/wp-content\/uploads\/2018\/02\/cropped-industry-1827884_1920.jpg","contentUrl":"https:\/\/wese-consulting.de\/wp-content\/uploads\/2018\/02\/cropped-industry-1827884_1920.jpg","width":512,"height":512},{"@type":"BreadcrumbList","@id":"https:\/\/wese-consulting.de\/?page_id=20#breadcrumb","itemListElement":[{"@type":"ListItem","position":1,"name":"Startseite","item":"https:\/\/wese-consulting.de\/"},{"@type":"ListItem","position":2,"name":"Referenzen"}]},{"@type":"WebSite","@id":"https:\/\/wese-consulting.de\/#website","url":"https:\/\/wese-consulting.de\/","name":"WeSe Consulting","description":"","potentialAction":[{"@type":"SearchAction","target":{"@type":"EntryPoint","urlTemplate":"https:\/\/wese-consulting.de\/?s={search_term_string}"},"query-input":{"@type":"PropertyValueSpecification","valueRequired":true,"valueName":"search_term_string"}}],"inLanguage":"de"}]}},"_links":{"self":[{"href":"https:\/\/wese-consulting.de\/index.php?rest_route=\/wp\/v2\/pages\/20","targetHints":{"allow":["GET"]}}],"collection":[{"href":"https:\/\/wese-consulting.de\/index.php?rest_route=\/wp\/v2\/pages"}],"about":[{"href":"https:\/\/wese-consulting.de\/index.php?rest_route=\/wp\/v2\/types\/page"}],"author":[{"embeddable":true,"href":"https:\/\/wese-consulting.de\/index.php?rest_route=\/wp\/v2\/users\/1"}],"replies":[{"embeddable":true,"href":"https:\/\/wese-consulting.de\/index.php?rest_route=%2Fwp%2Fv2%2Fcomments&post=20"}],"version-history":[{"count":9,"href":"https:\/\/wese-consulting.de\/index.php?rest_route=\/wp\/v2\/pages\/20\/revisions"}],"predecessor-version":[{"id":402,"href":"https:\/\/wese-consulting.de\/index.php?rest_route=\/wp\/v2\/pages\/20\/revisions\/402"}],"wp:featuredmedia":[{"embeddable":true,"href":"https:\/\/wese-consulting.de\/index.php?rest_route=\/wp\/v2\/media\/32"}],"wp:attachment":[{"href":"https:\/\/wese-consulting.de\/index.php?rest_route=%2Fwp%2Fv2%2Fmedia&parent=20"}],"curies":[{"name":"wp","href":"https:\/\/api.w.org\/{rel}","templated":true}]}}