{"id":415,"date":"2018-05-20T15:19:04","date_gmt":"2018-05-20T15:19:04","guid":{"rendered":"http:\/\/wese-consulting.de\/?page_id=415"},"modified":"2025-11-12T19:36:41","modified_gmt":"2025-11-12T19:36:41","slug":"datenschutzerklaerung","status":"publish","type":"page","link":"https:\/\/wese-consulting.de\/?page_id=415","title":{"rendered":"Datenschutzerkl\u00e4rung"},"content":{"rendered":"<p><strong>Diese Datenschutzerkl\u00e4rung soll die Nutzer dieser Website gem\u00e4\u00df Bundesdatenschutzgesetz und Telemediengesetz \u00fcber die Art, den Umfang und den Zweck der Erhebung und Verwendung personenbezogener Daten durch den Websitebetreiber WeSe-Consulting informieren.<\/strong><\/p>\n<p><strong>Wir als Websitebetreiber nehmen den Datenschutz sehr ernst und behandeln Ihre pers\u00f6nlichen Daten vertraulich und entsprechend nach den gesetzlichen Vorschriften.<\/strong><\/p>\n<p><strong>Bedenken Sie, dass die Daten\u00fcbertagung im Internet grunds\u00e4tzlich mit Sicherheitsl\u00fccken bedacht sein kann. Ein vollumf\u00e4nglicher Schutz vor dem Zugriff durch Fremde ist nicht realisierbar.<\/strong><\/p>\n<p><strong>\u00a0<\/strong><\/p>\n<p><strong>Zugriffsdaten<\/strong><\/p>\n<p>Der Websitebetreiber bzw. Seitenprovider erhebt Daten \u00fcber Zugriffe auf die Seite und speichert diese als \u201eServer-Logfiles\u201c ab. Folgende Daten werden so protokolliert:<\/p>\n<ul>\n<li>Besuchte Webseiten<\/li>\n<li>Uhrzeit und Zeitpunkt des Zugriffes<\/li>\n<li>Menge der gesendeten Daten in Byte<\/li>\n<li>Quelle\/Verweis, von welchem Sie auf die Seite gelangten<\/li>\n<li>Verwendeter Browser<\/li>\n<li>Verwendetes Betriebssystem<\/li>\n<li>Verwendete IP-Adresse<\/li>\n<\/ul>\n<p>Die erhobenen Daten dienen lediglich statistischen Auswertungen und zur Verbesserung der Website. Der Websitebetreiber beh\u00e4lt sich allerdings vor, die Server-Logfiles nachtr\u00e4glich zu \u00fcberpr\u00fcfen, sollten konkrete Anhaltspunkte auf eine rechtswidrige Nutzung hinweisen.<\/p>\n<p><strong>\u00a0<\/strong><\/p>\n<p><strong>Cookies<\/strong><\/p>\n<p>Diese Website verwendet Cookies. Dabei handelt es sich um kleine Textdateien, welche auf Ihrem Endger\u00e4t gespeichert werden. Ihr Browser greift auf diese Daten zu. Durch den Einsatz von Cookies erh\u00f6ht sich die Benutzerfreundlichkeit und Sicherheit dieser Website. G\u00e4ngige Browser bieten die Einstellungsoption, Cookies nicht zuzulassen. Hinweis: Es ist nicht gew\u00e4hrleistet, dass Sie auf alle Funktionen dieser Website ohne Einschr\u00e4nkungen zugreifen k\u00f6nnen, wenn Sie die entsprechenden Einstellungen vornehmen.\u00a0<strong>\u00a0<\/strong><\/p>\n<p><strong>\u00a0<\/strong><\/p>\n<p><strong>Umgang mit personenbezogenen Daten <\/strong><\/p>\n<p>Der Websitebetreiber erhebt, nutzt und gibt Ihre personenbezogenen Daten nur dann weiter, wenn dies im gesetzlichen Rahmen erlaubt ist, oder Sie in die Datenerhebung einwilligen. Als personenbezogene Daten gelten s\u00e4mtliche Informationen, welche dazu dienen, Ihre Person zu bestimmen und welche zu Ihnen zur\u00fcckverfolgt werden k\u00f6nnen, also beispielsweise Ihr Name, Ihre E-Mail Adresse und Telefonnummer.<\/p>\n<p>&nbsp;<\/p>\n<p><strong>Umgang mit Kontaktdaten<\/strong><\/p>\n<p>Nehmen Sie mit uns durch die angebotenen Kontaktm\u00f6glichkeiten Verbindung auf, werden Ihre Angaben gespeichert, damit auf diese zur Bearbeitung und Beantwortung Ihrer Anfrage zur\u00fcckgegriffen werden kann. Ohne Ihre Einwilligung werden Ihre Daten nicht an Dritte weitergegeben.<\/p>\n<p><strong>\u00a0<\/strong><\/p>\n<p><strong>Umgang mit Kommentaren und Beitr\u00e4gen<\/strong><\/p>\n<p>Hinterlassen Sie auf dieser Website einen Beitrag oder Kommentar, wird Ihre IP-Adresse gespeichert. Dies dient unserer Sicherheit. Verst\u00f6\u00dft Ihr Text gegen das Recht, m\u00f6chten wir die M\u00f6glichkeit der Nachverfolgung haben.<\/p>\n<p>&nbsp;<\/p>\n<p><strong>WP Statistics<\/strong><\/p>\n<p>Diese Webseite nutzt das WordPress-Analyse- Plugin \u201eWP Statistics\u201c. Anbieter dieses Plugins ist <a href=\"https:\/\/wp-statistics.com\">wp-statistics.com<\/a>. Aus den Daten werden in anonymisierter Form einfache Statistiken erstellt. Dazu werden keine Nutzungsprofile erstellt und auch keine Cookies gesetzt. S\u00e4mtliche von WP Statistics erhobenen Daten werden vollst\u00e4ndig anonymisiert auf diesem Webserver gespeichert. Eine pers\u00f6nliche Identifizierung eines Besuchers ist somit, auch nachtr\u00e4glich, nicht m\u00f6glich.<\/p>\n<p>&nbsp;<\/p>\n<p><strong>Einbindung von Diensten und Inhalten Dritter<\/strong><\/p>\n<p>Es kann vorkommen, dass innerhalb dieses Onlineangebotes Inhalte Dritter, wie zum Beispiel Videos von YouTube, Kartenmaterial von Google-Maps, RSS-Feeds oder Grafiken von anderen Webseiten eingebunden werden. Dies setzt immer voraus, dass die Anbieter dieser Inhalte (nachfolgend bezeichnet als \u201cDritt-Anbieter\u201d) die IP-Adresse der Nutzer wahrnehmen. Denn ohne die IP-Adresse, k\u00f6nnten Sie die Inhalte nicht an den Browser des jeweiligen Nutzers senden. Die IP-Adresse ist damit f\u00fcr die Darstellung dieser Inhalte erforderlich. Wir bem\u00fchen uns nur solche Inhalte zu verwenden, deren jeweilige Anbieter die IP-Adresse lediglich zur Auslieferung der Inhalte verwenden. Jedoch\u00a0haben wir keinen Einfluss darauf, falls die Dritt-Anbieter die IP-Adresse z.B. f\u00fcr statistische Zwecke speichern.<\/p>\n<p>&nbsp;<\/p>\n<p><strong>Links zu anderen Websites <\/strong><\/p>\n<p>Diese Website enth\u00e4lt Links zu externen Websites Dritter. F\u00fcr die Inhalte der verlinkten Seiten ist stets der jeweilige Anbieter oder Betreiber der Seiten verantwortlich. Bei Bekanntwerden von Rechtsverletzungen werden derartige Links umgehend entfernt.<\/p>\n<p>&nbsp;<\/p>\n<p><strong>Rechte des Nutzers: Auskunft, Berichtigung und L\u00f6schung<\/strong><\/p>\n<p>Sie als Nutzer erhalten auf Antrag Ihrerseits kostenlose Auskunft dar\u00fcber, welche personenbezogenen Daten \u00fcber Sie gespeichert wurden. Sofern Ihr Wunsch nicht mit einer gesetzlichen Pflicht zur Aufbewahrung von Daten kollidiert, haben Sie ein Anrecht auf Berichtigung falscher Daten und auf Sperrung oder L\u00f6schung Ihrer personenbezogenen Daten.<\/p>\n<p><strong>\u00a0<\/strong><\/p>\n<p><strong>Ansprechpartner bei Fragen oder Auskunftsersuchen <\/strong><\/p>\n<p>Bei Fragen, Kommentaren, Beschwerden sowie Auskunftsersuchen im Zusammenhang mit unserer Erkl\u00e4rung zum Datenschutz und der Verarbeitung Ihrer pers\u00f6nlichen Daten k\u00f6nnen Sie sich schriftlich an unsere Beauftragte f\u00fcr den Datenschutz wenden, die Ihnen unter folgender Adresse zur Verf\u00fcgung steht:<\/p>\n<p>Werner Lutz<\/p>\n<p>Management-Beratung WeSe-Consulting<\/p>\n<p>Erzbergerstr. 26<\/p>\n<p>77654 Offenburg<\/p>\n","protected":false},"excerpt":{"rendered":"<p>Diese Datenschutzerkl\u00e4rung soll die Nutzer dieser Website gem\u00e4\u00df Bundesdatenschutzgesetz und Telemediengesetz \u00fcber die Art, den Umfang und den Zweck der Erhebung und [&hellip;]<\/p>\n","protected":false},"author":1,"featured_media":0,"parent":0,"menu_order":0,"comment_status":"closed","ping_status":"closed","template":"","meta":{"footnotes":""},"class_list":["post-415","page","type-page","status-publish","hentry"],"yoast_head":"<!-- This site is optimized with the Yoast SEO plugin v27.4 - https:\/\/yoast.com\/product\/yoast-seo-wordpress\/ -->\n<title>Datenschutzerkl\u00e4rung - WeSe Consulting<\/title>\n<meta name=\"robots\" content=\"index, follow, max-snippet:-1, max-image-preview:large, max-video-preview:-1\" \/>\n<link rel=\"canonical\" href=\"https:\/\/wese-consulting.de\/?page_id=415\" \/>\n<meta property=\"og:locale\" content=\"de_DE\" \/>\n<meta property=\"og:type\" content=\"article\" \/>\n<meta property=\"og:title\" content=\"Datenschutzerkl\u00e4rung - WeSe Consulting\" \/>\n<meta property=\"og:description\" content=\"Diese Datenschutzerkl\u00e4rung soll die Nutzer dieser Website gem\u00e4\u00df Bundesdatenschutzgesetz und Telemediengesetz \u00fcber die Art, den Umfang und den Zweck der Erhebung und [&hellip;]\" \/>\n<meta property=\"og:url\" content=\"https:\/\/wese-consulting.de\/?page_id=415\" \/>\n<meta property=\"og:site_name\" content=\"WeSe Consulting\" \/>\n<meta property=\"article:modified_time\" content=\"2025-11-12T19:36:41+00:00\" \/>\n<meta name=\"twitter:card\" content=\"summary_large_image\" \/>\n<meta name=\"twitter:label1\" content=\"Gesch\u00e4tzte Lesezeit\" \/>\n\t<meta name=\"twitter:data1\" content=\"4\u00a0Minuten\" \/>\n<script type=\"application\/ld+json\" class=\"yoast-schema-graph\">{\"@context\":\"https:\\\/\\\/schema.org\",\"@graph\":[{\"@type\":\"WebPage\",\"@id\":\"https:\\\/\\\/wese-consulting.de\\\/?page_id=415\",\"url\":\"https:\\\/\\\/wese-consulting.de\\\/?page_id=415\",\"name\":\"Datenschutzerkl\u00e4rung - WeSe Consulting\",\"isPartOf\":{\"@id\":\"https:\\\/\\\/wese-consulting.de\\\/#website\"},\"datePublished\":\"2018-05-20T15:19:04+00:00\",\"dateModified\":\"2025-11-12T19:36:41+00:00\",\"breadcrumb\":{\"@id\":\"https:\\\/\\\/wese-consulting.de\\\/?page_id=415#breadcrumb\"},\"inLanguage\":\"de\",\"potentialAction\":[{\"@type\":\"ReadAction\",\"target\":[\"https:\\\/\\\/wese-consulting.de\\\/?page_id=415\"]}]},{\"@type\":\"BreadcrumbList\",\"@id\":\"https:\\\/\\\/wese-consulting.de\\\/?page_id=415#breadcrumb\",\"itemListElement\":[{\"@type\":\"ListItem\",\"position\":1,\"name\":\"Startseite\",\"item\":\"https:\\\/\\\/wese-consulting.de\\\/\"},{\"@type\":\"ListItem\",\"position\":2,\"name\":\"Datenschutzerkl\u00e4rung\"}]},{\"@type\":\"WebSite\",\"@id\":\"https:\\\/\\\/wese-consulting.de\\\/#website\",\"url\":\"https:\\\/\\\/wese-consulting.de\\\/\",\"name\":\"WeSe Consulting\",\"description\":\"\",\"potentialAction\":[{\"@type\":\"SearchAction\",\"target\":{\"@type\":\"EntryPoint\",\"urlTemplate\":\"https:\\\/\\\/wese-consulting.de\\\/?s={search_term_string}\"},\"query-input\":{\"@type\":\"PropertyValueSpecification\",\"valueRequired\":true,\"valueName\":\"search_term_string\"}}],\"inLanguage\":\"de\"}]}<\/script>\n<!-- \/ Yoast SEO plugin. -->","yoast_head_json":{"title":"Datenschutzerkl\u00e4rung - WeSe Consulting","robots":{"index":"index","follow":"follow","max-snippet":"max-snippet:-1","max-image-preview":"max-image-preview:large","max-video-preview":"max-video-preview:-1"},"canonical":"https:\/\/wese-consulting.de\/?page_id=415","og_locale":"de_DE","og_type":"article","og_title":"Datenschutzerkl\u00e4rung - WeSe Consulting","og_description":"Diese Datenschutzerkl\u00e4rung soll die Nutzer dieser Website gem\u00e4\u00df Bundesdatenschutzgesetz und Telemediengesetz \u00fcber die Art, den Umfang und den Zweck der Erhebung und [&hellip;]","og_url":"https:\/\/wese-consulting.de\/?page_id=415","og_site_name":"WeSe Consulting","article_modified_time":"2025-11-12T19:36:41+00:00","twitter_card":"summary_large_image","twitter_misc":{"Gesch\u00e4tzte Lesezeit":"4\u00a0Minuten"},"schema":{"@context":"https:\/\/schema.org","@graph":[{"@type":"WebPage","@id":"https:\/\/wese-consulting.de\/?page_id=415","url":"https:\/\/wese-consulting.de\/?page_id=415","name":"Datenschutzerkl\u00e4rung - WeSe Consulting","isPartOf":{"@id":"https:\/\/wese-consulting.de\/#website"},"datePublished":"2018-05-20T15:19:04+00:00","dateModified":"2025-11-12T19:36:41+00:00","breadcrumb":{"@id":"https:\/\/wese-consulting.de\/?page_id=415#breadcrumb"},"inLanguage":"de","potentialAction":[{"@type":"ReadAction","target":["https:\/\/wese-consulting.de\/?page_id=415"]}]},{"@type":"BreadcrumbList","@id":"https:\/\/wese-consulting.de\/?page_id=415#breadcrumb","itemListElement":[{"@type":"ListItem","position":1,"name":"Startseite","item":"https:\/\/wese-consulting.de\/"},{"@type":"ListItem","position":2,"name":"Datenschutzerkl\u00e4rung"}]},{"@type":"WebSite","@id":"https:\/\/wese-consulting.de\/#website","url":"https:\/\/wese-consulting.de\/","name":"WeSe Consulting","description":"","potentialAction":[{"@type":"SearchAction","target":{"@type":"EntryPoint","urlTemplate":"https:\/\/wese-consulting.de\/?s={search_term_string}"},"query-input":{"@type":"PropertyValueSpecification","valueRequired":true,"valueName":"search_term_string"}}],"inLanguage":"de"}]}},"_links":{"self":[{"href":"https:\/\/wese-consulting.de\/index.php?rest_route=\/wp\/v2\/pages\/415","targetHints":{"allow":["GET"]}}],"collection":[{"href":"https:\/\/wese-consulting.de\/index.php?rest_route=\/wp\/v2\/pages"}],"about":[{"href":"https:\/\/wese-consulting.de\/index.php?rest_route=\/wp\/v2\/types\/page"}],"author":[{"embeddable":true,"href":"https:\/\/wese-consulting.de\/index.php?rest_route=\/wp\/v2\/users\/1"}],"replies":[{"embeddable":true,"href":"https:\/\/wese-consulting.de\/index.php?rest_route=%2Fwp%2Fv2%2Fcomments&post=415"}],"version-history":[{"count":1,"href":"https:\/\/wese-consulting.de\/index.php?rest_route=\/wp\/v2\/pages\/415\/revisions"}],"predecessor-version":[{"id":416,"href":"https:\/\/wese-consulting.de\/index.php?rest_route=\/wp\/v2\/pages\/415\/revisions\/416"}],"wp:attachment":[{"href":"https:\/\/wese-consulting.de\/index.php?rest_route=%2Fwp%2Fv2%2Fmedia&parent=415"}],"curies":[{"name":"wp","href":"https:\/\/api.w.org\/{rel}","templated":true}]}}